{"id":2846,"date":"2021-06-04T23:07:15","date_gmt":"2021-06-05T04:07:15","guid":{"rendered":"https:\/\/cardavipijamas.com\/?post_type=product&#038;p=2846"},"modified":"2021-09-06T22:55:42","modified_gmt":"2021-09-07T03:55:42","slug":"pijama-family-time-2","status":"publish","type":"product","link":"https:\/\/cardavipijamas.com\/?product=pijama-family-time-2","title":{"rendered":"Pijama family time"},"content":{"rendered":"<h4 style=\"text-align: center;\">Pijama con tallaje c\u00f3modo, composici\u00f3n 35% Algod\u00f3n y 65% Poli\u00e9ster<\/h4>\n<h4 style=\"text-align: center;\">Prenda vers\u00e1til<\/h4>\n<p>&nbsp;<\/p>\n","protected":false},"excerpt":{"rendered":"<p>Pijama pantal\u00f3n largo y camisa manga corta<\/p>\n","protected":false},"featured_media":2683,"comment_status":"closed","ping_status":"closed","template":"","meta":{"_joinchat":[]},"product_cat":[66,49],"product_tag":[],"class_list":{"0":"post-2846","1":"product","2":"type-product","3":"status-publish","4":"has-post-thumbnail","6":"product_cat-nueva-coleccion-esperanza","7":"product_cat-pijama-hombre","8":"product_shipping_class-despacho-nacional","10":"first","11":"instock","12":"featured","13":"shipping-taxable","14":"purchasable","15":"product-type-variable","16":"has-default-attributes"},"_links":{"self":[{"href":"https:\/\/cardavipijamas.com\/index.php?rest_route=\/wp\/v2\/product\/2846","targetHints":{"allow":["GET"]}}],"collection":[{"href":"https:\/\/cardavipijamas.com\/index.php?rest_route=\/wp\/v2\/product"}],"about":[{"href":"https:\/\/cardavipijamas.com\/index.php?rest_route=\/wp\/v2\/types\/product"}],"replies":[{"embeddable":true,"href":"https:\/\/cardavipijamas.com\/index.php?rest_route=%2Fwp%2Fv2%2Fcomments&post=2846"}],"wp:featuredmedia":[{"embeddable":true,"href":"https:\/\/cardavipijamas.com\/index.php?rest_route=\/wp\/v2\/media\/2683"}],"wp:attachment":[{"href":"https:\/\/cardavipijamas.com\/index.php?rest_route=%2Fwp%2Fv2%2Fmedia&parent=2846"}],"wp:term":[{"taxonomy":"product_cat","embeddable":true,"href":"https:\/\/cardavipijamas.com\/index.php?rest_route=%2Fwp%2Fv2%2Fproduct_cat&post=2846"},{"taxonomy":"product_tag","embeddable":true,"href":"https:\/\/cardavipijamas.com\/index.php?rest_route=%2Fwp%2Fv2%2Fproduct_tag&post=2846"}],"curies":[{"name":"wp","href":"https:\/\/api.w.org\/{rel}","templated":true}]}}