{"id":2517,"date":"2020-09-08T12:09:06","date_gmt":"2020-09-08T17:09:06","guid":{"rendered":"https:\/\/cardavipijamas.com\/?post_type=product&#038;p=2517"},"modified":"2021-09-06T22:59:25","modified_gmt":"2021-09-07T03:59:25","slug":"conjunto-camisa-y-falda-short","status":"publish","type":"product","link":"https:\/\/cardavipijamas.com\/?product=conjunto-camisa-y-falda-short","title":{"rendered":"Conjunto camisa y falda short"},"content":{"rendered":"<p>Conjunto camisa con falda short<\/p>\n","protected":false},"excerpt":{"rendered":"<p>Composici\u00f3n: camisa en popelina polyalgod\u00f3n, falda 97% algod\u00f3n , 3% Spandex<\/p>\n","protected":false},"featured_media":2625,"comment_status":"open","ping_status":"closed","template":"","meta":{"_joinchat":[]},"product_cat":[65],"product_tag":[],"class_list":{"0":"post-2517","1":"product","2":"type-product","3":"status-publish","4":"has-post-thumbnail","6":"product_cat-vestidos-nina","7":"product_shipping_class-despacho-nacional","9":"first","10":"instock","11":"shipping-taxable","12":"purchasable","13":"product-type-variable","14":"has-default-attributes"},"_links":{"self":[{"href":"https:\/\/cardavipijamas.com\/index.php?rest_route=\/wp\/v2\/product\/2517","targetHints":{"allow":["GET"]}}],"collection":[{"href":"https:\/\/cardavipijamas.com\/index.php?rest_route=\/wp\/v2\/product"}],"about":[{"href":"https:\/\/cardavipijamas.com\/index.php?rest_route=\/wp\/v2\/types\/product"}],"replies":[{"embeddable":true,"href":"https:\/\/cardavipijamas.com\/index.php?rest_route=%2Fwp%2Fv2%2Fcomments&post=2517"}],"wp:featuredmedia":[{"embeddable":true,"href":"https:\/\/cardavipijamas.com\/index.php?rest_route=\/wp\/v2\/media\/2625"}],"wp:attachment":[{"href":"https:\/\/cardavipijamas.com\/index.php?rest_route=%2Fwp%2Fv2%2Fmedia&parent=2517"}],"wp:term":[{"taxonomy":"product_cat","embeddable":true,"href":"https:\/\/cardavipijamas.com\/index.php?rest_route=%2Fwp%2Fv2%2Fproduct_cat&post=2517"},{"taxonomy":"product_tag","embeddable":true,"href":"https:\/\/cardavipijamas.com\/index.php?rest_route=%2Fwp%2Fv2%2Fproduct_tag&post=2517"}],"curies":[{"name":"wp","href":"https:\/\/api.w.org\/{rel}","templated":true}]}}